{"id":2,"date":"2023-03-14T20:21:43","date_gmt":"2023-03-14T19:21:43","guid":{"rendered":"http:\/\/bonesprit.ovh\/?page_id=2"},"modified":"2023-03-31T23:30:42","modified_gmt":"2023-03-31T21:30:42","slug":"page-d-exemple","status":"publish","type":"page","link":"https:\/\/bonesprit.ovh\/index.php\/page-d-exemple\/","title":{"rendered":"collections"},"content":{"rendered":"\n<p>Nous fonctionnons sur le mod\u00e8le de l&rsquo;association libre et des correspondances pour choisir un ensemble de dessins.<\/p>\n\n\n\n<p><\/p>\n\n\n\n<p>Les collections permettent de ne pas pr\u00e9senter les dessins et peintures de mani\u00e8re dispers\u00e9e. L&rsquo;iconographie choisie et le classement sont les suivants : <strong>les sc\u00e8nes de genre <\/strong>ou all\u00e9gories sociales (comme par exemple le th\u00e8me de la plage, des baigneuses), <strong>les natures mortes<\/strong> (le th\u00e8me des fleurs, le th\u00e8me de la mer avec les crustac\u00e9es, les coquillages), <strong>les paysages<\/strong> ( la mer, la montagne, la nature et les caract\u00e9ristiques des r\u00e9gions), <strong>les nus d&rsquo;apr\u00e8s mod\u00e8le.<\/strong> <\/p>\n\n\n\n<p><\/p>\n","protected":false},"excerpt":{"rendered":"<p>Nous fonctionnons sur le mod\u00e8le de l&rsquo;association libre et des correspondances pour choisir un ensemble de dessins. Les collections permettent de ne pas pr\u00e9senter les dessins et peintures de mani\u00e8re dispers\u00e9e. L&rsquo;iconographie choisie et le classement sont les suivants : les sc\u00e8nes de genre ou all\u00e9gories sociales (comme par exemple le th\u00e8me de la plage, [&hellip;]<\/p>\n","protected":false},"author":1,"featured_media":0,"parent":0,"menu_order":0,"comment_status":"closed","ping_status":"closed","template":"","meta":{"saved_in_kubio":false,"footnotes":""},"class_list":["post-2","page","type-page","status-publish","czr-hentry"],"kubio_ai_page_context":{"short_desc":"","purpose":"general"},"_links":{"self":[{"href":"https:\/\/bonesprit.ovh\/index.php\/wp-json\/wp\/v2\/pages\/2","targetHints":{"allow":["GET"]}}],"collection":[{"href":"https:\/\/bonesprit.ovh\/index.php\/wp-json\/wp\/v2\/pages"}],"about":[{"href":"https:\/\/bonesprit.ovh\/index.php\/wp-json\/wp\/v2\/types\/page"}],"author":[{"embeddable":true,"href":"https:\/\/bonesprit.ovh\/index.php\/wp-json\/wp\/v2\/users\/1"}],"replies":[{"embeddable":true,"href":"https:\/\/bonesprit.ovh\/index.php\/wp-json\/wp\/v2\/comments?post=2"}],"version-history":[{"count":9,"href":"https:\/\/bonesprit.ovh\/index.php\/wp-json\/wp\/v2\/pages\/2\/revisions"}],"predecessor-version":[{"id":207,"href":"https:\/\/bonesprit.ovh\/index.php\/wp-json\/wp\/v2\/pages\/2\/revisions\/207"}],"wp:attachment":[{"href":"https:\/\/bonesprit.ovh\/index.php\/wp-json\/wp\/v2\/media?parent=2"}],"curies":[{"name":"wp","href":"https:\/\/api.w.org\/{rel}","templated":true}]}}